{"id":125257,"date":"2022-10-24T17:07:20","date_gmt":"2022-10-24T17:07:20","guid":{"rendered":"https:\/\/studiowiki.it\/dede-destination-design\/"},"modified":"2024-02-13T10:19:23","modified_gmt":"2024-02-13T10:19:23","slug":"dede-destination-design","status":"publish","type":"page","link":"https:\/\/studiowiki.it\/fr\/dede-destination-design\/","title":{"rendered":"DEDE Destination Design"},"content":{"rendered":"\t\t<div data-elementor-type=\"wp-page\" data-elementor-id=\"125257\" class=\"elementor elementor-125257 elementor-117692\" data-elementor-post-type=\"page\">\n\t\t\t\t\t\t<section class=\"elementor-section elementor-top-section elementor-element elementor-element-e99f152 elementor-section-full_width elementor-section-height-default elementor-section-height-default qodef-elementor-content-no qodef-elementor-stretch-row-no qodef-elementor-overlay-no\" data-id=\"e99f152\" data-element_type=\"section\">\n\t\t\t\t\t\t<div class=\"elementor-container elementor-column-gap-no\">\n\t\t\t\t\t<div class=\"elementor-column elementor-col-100 elementor-top-column elementor-element elementor-element-3fb0411\" data-id=\"3fb0411\" data-element_type=\"column\">\n\t\t\t<div class=\"elementor-widget-wrap elementor-element-populated\">\n\t\t\t\t\t\t<section class=\"elementor-section elementor-inner-section elementor-element elementor-element-e212651 elementor-section-full_width elementor-section-height-default elementor-section-height-default qodef-elementor-content-no qodef-elementor-stretch-row-no qodef-elementor-overlay-no\" data-id=\"e212651\" data-element_type=\"section\">\n\t\t\t\t\t\t<div class=\"elementor-container elementor-column-gap-no\">\n\t\t\t\t\t<div class=\"elementor-column elementor-col-50 elementor-inner-column elementor-element elementor-element-0d059c1\" data-id=\"0d059c1\" data-element_type=\"column\">\n\t\t\t<div class=\"elementor-widget-wrap elementor-element-populated\">\n\t\t\t\t\t\t<div class=\"elementor-element elementor-element-3286fbe elementor-widget-mobile__width-initial elementor-widget elementor-widget-heading\" data-id=\"3286fbe\" data-element_type=\"widget\" data-widget_type=\"heading.default\">\n\t\t\t\t<div class=\"elementor-widget-container\">\n\t\t\t\t\t<span class=\"elementor-heading-title elementor-size-small\">Nous croyons en la puissance des r\u00e9seaux<br>\nde collaboration.<\/span>\t\t\t\t<\/div>\n\t\t\t\t<\/div>\n\t\t\t\t\t<\/div>\n\t\t<\/div>\n\t\t\t\t<div class=\"elementor-column elementor-col-50 elementor-inner-column elementor-element elementor-element-4b8f5a2\" data-id=\"4b8f5a2\" data-element_type=\"column\">\n\t\t\t<div class=\"elementor-widget-wrap elementor-element-populated\">\n\t\t\t\t\t\t<div class=\"elementor-element elementor-element-0f0d5cd elementor-widget elementor-widget-text-editor\" data-id=\"0f0d5cd\" data-element_type=\"widget\" data-widget_type=\"text-editor.default\">\n\t\t\t\t<div class=\"elementor-widget-container\">\n\t\t\t\t\t\t\t\t\t<p>Nous sommes co-fondateurs de <a href=\"https:\/\/destinationdesign.it\/\" target=\"_blank\" rel=\"noopener\"><strong>DE.DE Destination design<\/strong><\/a>, un r\u00e9seau d&rsquo;entreprises visant \u00e0 r\u00e9pondre aux besoins des destinations touristiques, des administrations publiques et des organismes publics et priv\u00e9s de promotion touristique. Nous travaillons constamment aux c\u00f4t\u00e9s de nos clients pour d\u00e9velopper, int\u00e9grer et harmoniser tous les efforts de marketing, de gestion et de communication touristique.<\/p>\n\t\t\t\t\t\t\t\t<\/div>\n\t\t\t\t<\/div>\n\t\t\t\t\t<\/div>\n\t\t<\/div>\n\t\t\t\t\t<\/div>\n\t\t<\/section>\n\t\t\t\t<section class=\"elementor-section elementor-inner-section elementor-element elementor-element-ae8f53f elementor-section-boxed elementor-section-height-default elementor-section-height-default qodef-elementor-content-no qodef-elementor-stretch-row-no qodef-elementor-overlay-no\" data-id=\"ae8f53f\" data-element_type=\"section\">\n\t\t\t\t\t\t<div class=\"elementor-container elementor-column-gap-no\">\n\t\t\t\t\t<div class=\"elementor-column elementor-col-50 elementor-inner-column elementor-element elementor-element-4b191f3\" data-id=\"4b191f3\" data-element_type=\"column\">\n\t\t\t<div class=\"elementor-widget-wrap\">\n\t\t\t\t\t\t\t<\/div>\n\t\t<\/div>\n\t\t\t\t<div class=\"elementor-column elementor-col-50 elementor-inner-column elementor-element elementor-element-f5b0a62\" data-id=\"f5b0a62\" data-element_type=\"column\">\n\t\t\t<div class=\"elementor-widget-wrap elementor-element-populated\">\n\t\t\t\t\t\t<div class=\"elementor-element elementor-element-25e9ef6 elementor-widget elementor-widget-image\" data-id=\"25e9ef6\" data-element_type=\"widget\" data-widget_type=\"image.default\">\n\t\t\t\t<div class=\"elementor-widget-container\">\n\t\t\t\t\t\t\t\t\t\t\t\t\t\t\t\t<a href=\"https:\/\/destinationdesign.it\/\" target=\"_blank\">\n\t\t\t\t\t\t\t<img decoding=\"async\" width=\"287\" height=\"75\" src=\"https:\/\/studiowiki.it\/wp-content\/uploads\/2022\/10\/SW-logo-dede.svg\" class=\"attachment-large size-large wp-image-117107\" alt=\"\" \/>\t\t\t\t\t\t\t\t<\/a>\n\t\t\t\t\t\t\t\t\t\t\t\t\t\t\t<\/div>\n\t\t\t\t<\/div>\n\t\t\t\t\t<\/div>\n\t\t<\/div>\n\t\t\t\t\t<\/div>\n\t\t<\/section>\n\t\t\t\t<section class=\"elementor-section elementor-inner-section elementor-element elementor-element-ffa8a91 elementor-section-full_width elementor-section-height-default elementor-section-height-default qodef-elementor-content-no qodef-elementor-stretch-row-no qodef-elementor-overlay-no\" data-id=\"ffa8a91\" data-element_type=\"section\">\n\t\t\t\t\t\t<div class=\"elementor-container elementor-column-gap-no\">\n\t\t\t\t\t<div class=\"elementor-column elementor-col-50 elementor-inner-column elementor-element elementor-element-4a246aa\" data-id=\"4a246aa\" data-element_type=\"column\">\n\t\t\t<div class=\"elementor-widget-wrap\">\n\t\t\t\t\t\t\t<\/div>\n\t\t<\/div>\n\t\t\t\t<div class=\"elementor-column elementor-col-50 elementor-inner-column elementor-element elementor-element-fc9daa9\" data-id=\"fc9daa9\" data-element_type=\"column\">\n\t\t\t<div class=\"elementor-widget-wrap elementor-element-populated\">\n\t\t\t\t\t\t<div class=\"elementor-element elementor-element-b338b3b elementor-widget elementor-widget-text-editor\" data-id=\"b338b3b\" data-element_type=\"widget\" data-widget_type=\"text-editor.default\">\n\t\t\t\t<div class=\"elementor-widget-container\">\n\t\t\t\t\t\t\t\t\t<p>Veille touristique, plans de marketing et de d\u00e9veloppement touristiques et territoriaux, service de conseil \u00e0 la gouvernance et aux acteurs publics et priv\u00e9s, communication de marque territoriale, information et accueil des touristes et communication de la marque territoriale, information et accueil des touristes et organisation de voyages sont les principaux services propos\u00e9s par notre r\u00e9seau d&rsquo;entreprises. DE.DE organise chaque ann\u00e9e la conf\u00e9rence <a href=\"https:\/\/destinationdesignconference.it\/\" target=\"_blank\" rel=\"noopener\"><strong>DEDE.CO Destination design conference<\/strong><\/a> : un espace de d\u00e9bat, de brainstorming et de formation d\u00e9di\u00e9 aux d\u00e9cideurs des destinations touristiques italiennes.<\/p>\n\t\t\t\t\t\t\t\t<\/div>\n\t\t\t\t<\/div>\n\t\t\t\t<div class=\"elementor-element elementor-element-ae615a3 elementor-widget elementor-widget-image\" data-id=\"ae615a3\" data-element_type=\"widget\" data-widget_type=\"image.default\">\n\t\t\t\t<div class=\"elementor-widget-container\">\n\t\t\t\t\t\t\t\t\t\t\t\t\t\t\t\t<a href=\"https:\/\/destinationdesignconference.it\/\" target=\"_blank\">\n\t\t\t\t\t\t\t<img decoding=\"async\" width=\"302\" height=\"151\" src=\"https:\/\/studiowiki.it\/wp-content\/uploads\/2022\/10\/SW-logo-dedeco.svg\" class=\"attachment-large size-large wp-image-117108\" alt=\"\" \/>\t\t\t\t\t\t\t\t<\/a>\n\t\t\t\t\t\t\t\t\t\t\t\t\t\t\t<\/div>\n\t\t\t\t<\/div>\n\t\t\t\t\t<\/div>\n\t\t<\/div>\n\t\t\t\t\t<\/div>\n\t\t<\/section>\n\t\t\t\t\t<\/div>\n\t\t<\/div>\n\t\t\t\t\t<\/div>\n\t\t<\/section>\n\t\t\t\t<\/div>\n\t\t","protected":false},"excerpt":{"rendered":"<p>Nous croyons en la puissance des r\u00e9seaux de collaboration. Nous sommes co-fondateurs de DE.DE Destination design, un r\u00e9seau d&rsquo;entreprises visant \u00e0 r\u00e9pondre aux besoins des destinations touristiques, des administrations publiques et des organismes publics et priv\u00e9s de promotion touristique. Nous travaillons constamment aux c\u00f4t\u00e9s de nos clients pour d\u00e9velopper, int\u00e9grer et harmoniser tous les efforts [&hellip;]<\/p>\n","protected":false},"author":1,"featured_media":125258,"parent":0,"menu_order":0,"comment_status":"closed","ping_status":"closed","template":"page-full-width.php","meta":{"footnotes":""},"class_list":["post-125257","page","type-page","status-publish","has-post-thumbnail","hentry"],"yoast_head":"<!-- This site is optimized with the Yoast SEO plugin v26.0 - https:\/\/yoast.com\/wordpress\/plugins\/seo\/ -->\n<title>DEDE Destination Design - Studiowiki - Brand &amp; Land<\/title>\n<meta name=\"description\" content=\"Nous sommes co-fondateurs de DE.DE Destination design, un r\u00e9seau d&#039;entreprises visant \u00e0 r\u00e9pondre aux besoins des destinations touristiques.\" \/>\n<meta name=\"robots\" content=\"index, follow, max-snippet:-1, max-image-preview:large, max-video-preview:-1\" \/>\n<link rel=\"canonical\" href=\"https:\/\/studiowiki.it\/fr\/dede-destination-design\/\" \/>\n<meta property=\"og:locale\" content=\"fr_FR\" \/>\n<meta property=\"og:type\" content=\"article\" \/>\n<meta property=\"og:title\" content=\"DEDE Destination Design - Studiowiki - Brand &amp; Land\" \/>\n<meta property=\"og:description\" content=\"Nous sommes co-fondateurs de DE.DE Destination design, un r\u00e9seau d&#039;entreprises visant \u00e0 r\u00e9pondre aux besoins des destinations touristiques.\" \/>\n<meta property=\"og:url\" content=\"https:\/\/studiowiki.it\/fr\/dede-destination-design\/\" \/>\n<meta property=\"og:site_name\" content=\"Studiowiki - Brand &amp; Land\" \/>\n<meta property=\"article:publisher\" content=\"https:\/\/www.facebook.com\/studiowiki\" \/>\n<meta property=\"article:modified_time\" content=\"2024-02-13T10:19:23+00:00\" \/>\n<meta property=\"og:image\" content=\"https:\/\/studiowiki.it\/wp-content\/uploads\/2023\/02\/destinationdesign.jpg\" \/>\n\t<meta property=\"og:image:width\" content=\"400\" \/>\n\t<meta property=\"og:image:height\" content=\"400\" \/>\n\t<meta property=\"og:image:type\" content=\"image\/jpeg\" \/>\n<meta name=\"twitter:card\" content=\"summary_large_image\" \/>\n<meta name=\"twitter:site\" content=\"@studiowiki\" \/>\n<meta name=\"twitter:label1\" content=\"Dur\u00e9e de lecture estim\u00e9e\" \/>\n\t<meta name=\"twitter:data1\" content=\"1 minute\" \/>\n<script type=\"application\/ld+json\" class=\"yoast-schema-graph\">{\"@context\":\"https:\/\/schema.org\",\"@graph\":[{\"@type\":\"WebPage\",\"@id\":\"https:\/\/studiowiki.it\/fr\/dede-destination-design\/\",\"url\":\"https:\/\/studiowiki.it\/fr\/dede-destination-design\/\",\"name\":\"DEDE Destination Design - Studiowiki - Brand &amp; Land\",\"isPartOf\":{\"@id\":\"https:\/\/studiowiki.it\/fr\/#website\"},\"primaryImageOfPage\":{\"@id\":\"https:\/\/studiowiki.it\/fr\/dede-destination-design\/#primaryimage\"},\"image\":{\"@id\":\"https:\/\/studiowiki.it\/fr\/dede-destination-design\/#primaryimage\"},\"thumbnailUrl\":\"https:\/\/studiowiki.it\/wp-content\/uploads\/2023\/02\/destinationdesign.jpg\",\"datePublished\":\"2022-10-24T17:07:20+00:00\",\"dateModified\":\"2024-02-13T10:19:23+00:00\",\"description\":\"Nous sommes co-fondateurs de DE.DE Destination design, un r\u00e9seau d'entreprises visant \u00e0 r\u00e9pondre aux besoins des destinations touristiques.\",\"breadcrumb\":{\"@id\":\"https:\/\/studiowiki.it\/fr\/dede-destination-design\/#breadcrumb\"},\"inLanguage\":\"fr-FR\",\"potentialAction\":[{\"@type\":\"ReadAction\",\"target\":[\"https:\/\/studiowiki.it\/fr\/dede-destination-design\/\"]}]},{\"@type\":\"ImageObject\",\"inLanguage\":\"fr-FR\",\"@id\":\"https:\/\/studiowiki.it\/fr\/dede-destination-design\/#primaryimage\",\"url\":\"https:\/\/studiowiki.it\/wp-content\/uploads\/2023\/02\/destinationdesign.jpg\",\"contentUrl\":\"https:\/\/studiowiki.it\/wp-content\/uploads\/2023\/02\/destinationdesign.jpg\",\"width\":400,\"height\":400},{\"@type\":\"BreadcrumbList\",\"@id\":\"https:\/\/studiowiki.it\/fr\/dede-destination-design\/#breadcrumb\",\"itemListElement\":[{\"@type\":\"ListItem\",\"position\":1,\"name\":\"Home\",\"item\":\"https:\/\/studiowiki.it\/fr\/\"},{\"@type\":\"ListItem\",\"position\":2,\"name\":\"DEDE Destination Design\"}]},{\"@type\":\"WebSite\",\"@id\":\"https:\/\/studiowiki.it\/fr\/#website\",\"url\":\"https:\/\/studiowiki.it\/fr\/\",\"name\":\"Studiowiki - Brand &amp; Land\",\"description\":\"brand strategy studio\",\"publisher\":{\"@id\":\"https:\/\/studiowiki.it\/fr\/#organization\"},\"potentialAction\":[{\"@type\":\"SearchAction\",\"target\":{\"@type\":\"EntryPoint\",\"urlTemplate\":\"https:\/\/studiowiki.it\/fr\/?s={search_term_string}\"},\"query-input\":{\"@type\":\"PropertyValueSpecification\",\"valueRequired\":true,\"valueName\":\"search_term_string\"}}],\"inLanguage\":\"fr-FR\"},{\"@type\":\"Organization\",\"@id\":\"https:\/\/studiowiki.it\/fr\/#organization\",\"name\":\"Studiowiki\",\"alternateName\":\"SW\",\"url\":\"https:\/\/studiowiki.it\/fr\/\",\"logo\":{\"@type\":\"ImageObject\",\"inLanguage\":\"fr-FR\",\"@id\":\"https:\/\/studiowiki.it\/fr\/#\/schema\/logo\/image\/\",\"url\":\"https:\/\/studiowiki.it\/wp-content\/uploads\/2022\/01\/cropped-SW-square-200x200-giallo_Tavola-disegno-1.jpg\",\"contentUrl\":\"https:\/\/studiowiki.it\/wp-content\/uploads\/2022\/01\/cropped-SW-square-200x200-giallo_Tavola-disegno-1.jpg\",\"width\":512,\"height\":512,\"caption\":\"Studiowiki\"},\"image\":{\"@id\":\"https:\/\/studiowiki.it\/fr\/#\/schema\/logo\/image\/\"},\"sameAs\":[\"https:\/\/www.facebook.com\/studiowiki\",\"https:\/\/x.com\/studiowiki\",\"https:\/\/www.youtube.com\/@StudiowikiIt\",\"https:\/\/www.instagram.com\/studiowiki\/\"]}]}<\/script>\n<!-- \/ Yoast SEO plugin. -->","yoast_head_json":{"title":"DEDE Destination Design - Studiowiki - Brand &amp; Land","description":"Nous sommes co-fondateurs de DE.DE Destination design, un r\u00e9seau d'entreprises visant \u00e0 r\u00e9pondre aux besoins des destinations touristiques.","robots":{"index":"index","follow":"follow","max-snippet":"max-snippet:-1","max-image-preview":"max-image-preview:large","max-video-preview":"max-video-preview:-1"},"canonical":"https:\/\/studiowiki.it\/fr\/dede-destination-design\/","og_locale":"fr_FR","og_type":"article","og_title":"DEDE Destination Design - Studiowiki - Brand &amp; Land","og_description":"Nous sommes co-fondateurs de DE.DE Destination design, un r\u00e9seau d'entreprises visant \u00e0 r\u00e9pondre aux besoins des destinations touristiques.","og_url":"https:\/\/studiowiki.it\/fr\/dede-destination-design\/","og_site_name":"Studiowiki - Brand &amp; Land","article_publisher":"https:\/\/www.facebook.com\/studiowiki","article_modified_time":"2024-02-13T10:19:23+00:00","og_image":[{"width":400,"height":400,"url":"https:\/\/studiowiki.it\/wp-content\/uploads\/2023\/02\/destinationdesign.jpg","type":"image\/jpeg"}],"twitter_card":"summary_large_image","twitter_site":"@studiowiki","twitter_misc":{"Dur\u00e9e de lecture estim\u00e9e":"1 minute"},"schema":{"@context":"https:\/\/schema.org","@graph":[{"@type":"WebPage","@id":"https:\/\/studiowiki.it\/fr\/dede-destination-design\/","url":"https:\/\/studiowiki.it\/fr\/dede-destination-design\/","name":"DEDE Destination Design - Studiowiki - Brand &amp; Land","isPartOf":{"@id":"https:\/\/studiowiki.it\/fr\/#website"},"primaryImageOfPage":{"@id":"https:\/\/studiowiki.it\/fr\/dede-destination-design\/#primaryimage"},"image":{"@id":"https:\/\/studiowiki.it\/fr\/dede-destination-design\/#primaryimage"},"thumbnailUrl":"https:\/\/studiowiki.it\/wp-content\/uploads\/2023\/02\/destinationdesign.jpg","datePublished":"2022-10-24T17:07:20+00:00","dateModified":"2024-02-13T10:19:23+00:00","description":"Nous sommes co-fondateurs de DE.DE Destination design, un r\u00e9seau d'entreprises visant \u00e0 r\u00e9pondre aux besoins des destinations touristiques.","breadcrumb":{"@id":"https:\/\/studiowiki.it\/fr\/dede-destination-design\/#breadcrumb"},"inLanguage":"fr-FR","potentialAction":[{"@type":"ReadAction","target":["https:\/\/studiowiki.it\/fr\/dede-destination-design\/"]}]},{"@type":"ImageObject","inLanguage":"fr-FR","@id":"https:\/\/studiowiki.it\/fr\/dede-destination-design\/#primaryimage","url":"https:\/\/studiowiki.it\/wp-content\/uploads\/2023\/02\/destinationdesign.jpg","contentUrl":"https:\/\/studiowiki.it\/wp-content\/uploads\/2023\/02\/destinationdesign.jpg","width":400,"height":400},{"@type":"BreadcrumbList","@id":"https:\/\/studiowiki.it\/fr\/dede-destination-design\/#breadcrumb","itemListElement":[{"@type":"ListItem","position":1,"name":"Home","item":"https:\/\/studiowiki.it\/fr\/"},{"@type":"ListItem","position":2,"name":"DEDE Destination Design"}]},{"@type":"WebSite","@id":"https:\/\/studiowiki.it\/fr\/#website","url":"https:\/\/studiowiki.it\/fr\/","name":"Studiowiki - Brand &amp; Land","description":"brand strategy studio","publisher":{"@id":"https:\/\/studiowiki.it\/fr\/#organization"},"potentialAction":[{"@type":"SearchAction","target":{"@type":"EntryPoint","urlTemplate":"https:\/\/studiowiki.it\/fr\/?s={search_term_string}"},"query-input":{"@type":"PropertyValueSpecification","valueRequired":true,"valueName":"search_term_string"}}],"inLanguage":"fr-FR"},{"@type":"Organization","@id":"https:\/\/studiowiki.it\/fr\/#organization","name":"Studiowiki","alternateName":"SW","url":"https:\/\/studiowiki.it\/fr\/","logo":{"@type":"ImageObject","inLanguage":"fr-FR","@id":"https:\/\/studiowiki.it\/fr\/#\/schema\/logo\/image\/","url":"https:\/\/studiowiki.it\/wp-content\/uploads\/2022\/01\/cropped-SW-square-200x200-giallo_Tavola-disegno-1.jpg","contentUrl":"https:\/\/studiowiki.it\/wp-content\/uploads\/2022\/01\/cropped-SW-square-200x200-giallo_Tavola-disegno-1.jpg","width":512,"height":512,"caption":"Studiowiki"},"image":{"@id":"https:\/\/studiowiki.it\/fr\/#\/schema\/logo\/image\/"},"sameAs":["https:\/\/www.facebook.com\/studiowiki","https:\/\/x.com\/studiowiki","https:\/\/www.youtube.com\/@StudiowikiIt","https:\/\/www.instagram.com\/studiowiki\/"]}]}},"_links":{"self":[{"href":"https:\/\/studiowiki.it\/fr\/wp-json\/wp\/v2\/pages\/125257","targetHints":{"allow":["GET"]}}],"collection":[{"href":"https:\/\/studiowiki.it\/fr\/wp-json\/wp\/v2\/pages"}],"about":[{"href":"https:\/\/studiowiki.it\/fr\/wp-json\/wp\/v2\/types\/page"}],"author":[{"embeddable":true,"href":"https:\/\/studiowiki.it\/fr\/wp-json\/wp\/v2\/users\/1"}],"replies":[{"embeddable":true,"href":"https:\/\/studiowiki.it\/fr\/wp-json\/wp\/v2\/comments?post=125257"}],"version-history":[{"count":5,"href":"https:\/\/studiowiki.it\/fr\/wp-json\/wp\/v2\/pages\/125257\/revisions"}],"predecessor-version":[{"id":125691,"href":"https:\/\/studiowiki.it\/fr\/wp-json\/wp\/v2\/pages\/125257\/revisions\/125691"}],"wp:featuredmedia":[{"embeddable":true,"href":"https:\/\/studiowiki.it\/fr\/wp-json\/wp\/v2\/media\/125258"}],"wp:attachment":[{"href":"https:\/\/studiowiki.it\/fr\/wp-json\/wp\/v2\/media?parent=125257"}],"curies":[{"name":"wp","href":"https:\/\/api.w.org\/{rel}","templated":true}]}}