{"id":125255,"date":"2020-09-09T13:00:35","date_gmt":"2020-09-09T13:00:35","guid":{"rendered":"https:\/\/studiowiki.it\/contacts\/"},"modified":"2024-03-26T11:24:46","modified_gmt":"2024-03-26T11:24:46","slug":"contacts","status":"publish","type":"page","link":"https:\/\/studiowiki.it\/fr\/contacts\/","title":{"rendered":"Nos contacts"},"content":{"rendered":"\t\t<div data-elementor-type=\"wp-page\" data-elementor-id=\"125255\" class=\"elementor elementor-125255 elementor-3680\" data-elementor-post-type=\"page\">\n\t\t\t\t\t\t<section class=\"elementor-section elementor-top-section elementor-element elementor-element-9017249 elementor-section-content-middle elementor-reverse-mobile elementor-section-full_width elementor-section-height-default elementor-section-height-default qodef-elementor-content-no qodef-elementor-stretch-row-no qodef-elementor-overlay-no\" data-id=\"9017249\" data-element_type=\"section\">\n\t\t\t\t\t\t<div class=\"elementor-container elementor-column-gap-no\">\n\t\t\t\t\t<div class=\"elementor-column elementor-col-50 elementor-top-column elementor-element elementor-element-6f51f79\" data-id=\"6f51f79\" data-element_type=\"column\">\n\t\t\t<div class=\"elementor-widget-wrap elementor-element-populated\">\n\t\t\t\t\t\t<div class=\"elementor-element elementor-element-5d89ff7 elementor-hidden-desktop elementor-hidden-tablet elementor-hidden-mobile elementor-widget elementor-widget-text-editor\" data-id=\"5d89ff7\" data-element_type=\"widget\" data-widget_type=\"text-editor.default\">\n\t\t\t\t<div class=\"elementor-widget-container\">\n\t\t\t\t\t\t\t\t\t<h5>Pour nous contacter, utilisez l&rsquo;un des contacts ci-dessous ou, si vous pr\u00e9f\u00e9rez, remplissez le formulaire \u00e0 c\u00f4t\u00e9 <\/h5>\n\t\t\t\t\t\t\t\t<\/div>\n\t\t\t\t<\/div>\n\t\t\t\t<section class=\"elementor-section elementor-inner-section elementor-element elementor-element-9445416 elementor-section-full_width elementor-section-height-default elementor-section-height-default qodef-elementor-content-no qodef-elementor-stretch-row-no qodef-elementor-overlay-no\" data-id=\"9445416\" data-element_type=\"section\">\n\t\t\t\t\t\t<div class=\"elementor-container elementor-column-gap-default\">\n\t\t\t\t\t<div class=\"elementor-column elementor-col-100 elementor-inner-column elementor-element elementor-element-a352c48\" data-id=\"a352c48\" data-element_type=\"column\">\n\t\t\t<div class=\"elementor-widget-wrap elementor-element-populated\">\n\t\t\t\t\t\t<div class=\"elementor-element elementor-element-efcec6c elementor-widget__width-inherit elementor-widget elementor-widget-text-editor\" data-id=\"efcec6c\" data-element_type=\"widget\" data-widget_type=\"text-editor.default\">\n\t\t\t\t<div class=\"elementor-widget-container\">\n\t\t\t\t\t\t\t\t\t<h5><span style=\"color: #000000;\">Si\u00e8ge social <br \/>et op\u00e9rationnel<\/span><\/h5>\n\t\t\t\t\t\t\t\t<\/div>\n\t\t\t\t<\/div>\n\t\t\t\t<div class=\"elementor-element elementor-element-e55ad56 elementor-widget elementor-widget-text-editor\" data-id=\"e55ad56\" data-element_type=\"widget\" data-widget_type=\"text-editor.default\">\n\t\t\t\t<div class=\"elementor-widget-container\">\n\t\t\t\t\t\t\t\t\t<p><a href=\"https:\/\/g.page\/studiowiki?share\" target=\"_blank\" rel=\"noopener noreferrer\" data-auth=\"NotApplicable\" data-safelink=\"true\" data-linkindex=\"1\">Largo dei Vegerio 6\/6 B | 17100 Savona<\/a><br \/><b>T<\/b> +39<a title=\"t\u00e9l : +39 0192054914\" href=\"tel:0192054914\" target=\"_blank\" rel=\"noopener noreferrer\" data-auth=\"NotApplicable\" data-safelink=\"true\" data-linkindex=\"1\">019 2054914<\/a> \/ <b>P<\/b> +39<a title=\"t\u00e9l : +39 3405889471\" href=\"tel:3405889471\" target=\"_blank\" rel=\"noopener noreferrer\" data-auth=\"NotApplicable\" data-safelink=\"true\" data-linkindex=\"2\">340 5889471<\/a><br \/>Adresse e-mail <a href=\"mailto:info@studiowiki.it\">info@studiowiki.it<\/a><br \/>Adresse e-mail certifi\u00e9e (PEC) PEC\u00a0<a href=\"mailto:studiowiki@pec.it\">studiowiki@pec.it<\/a><\/p>\t\t\t\t\t\t\t\t<\/div>\n\t\t\t\t<\/div>\n\t\t\t\t\t<\/div>\n\t\t<\/div>\n\t\t\t\t\t<\/div>\n\t\t<\/section>\n\t\t\t\t\t<\/div>\n\t\t<\/div>\n\t\t\t\t<div class=\"elementor-column elementor-col-50 elementor-top-column elementor-element elementor-element-559d991 elementor-hidden-tablet\" data-id=\"559d991\" data-element_type=\"column\">\n\t\t\t<div class=\"elementor-widget-wrap elementor-element-populated\">\n\t\t\t\t\t\t<div class=\"elementor-element elementor-element-538e0c5 elementor-widget elementor-widget-image\" data-id=\"538e0c5\" data-element_type=\"widget\" data-settings=\"{&quot;motion_fx_motion_fx_scrolling&quot;:&quot;yes&quot;,&quot;_animation_mobile&quot;:&quot;none&quot;,&quot;motion_fx_devices&quot;:[&quot;desktop&quot;,&quot;tablet&quot;,&quot;mobile&quot;]}\" data-widget_type=\"image.default\">\n\t\t\t\t<div class=\"elementor-widget-container\">\n\t\t\t\t\t\t\t\t\t\t\t\t\t\t\t<img fetchpriority=\"high\" decoding=\"async\" width=\"1007\" height=\"846\" src=\"https:\/\/studiowiki.it\/wp-content\/uploads\/2022\/11\/contact-polpo.webp\" class=\"attachment-full size-full wp-image-125240\" alt=\"\" srcset=\"https:\/\/studiowiki.it\/wp-content\/uploads\/2022\/11\/contact-polpo.webp 1007w, https:\/\/studiowiki.it\/wp-content\/uploads\/2022\/11\/contact-polpo-300x252.webp 300w, https:\/\/studiowiki.it\/wp-content\/uploads\/2022\/11\/contact-polpo-768x645.webp 768w\" sizes=\"(max-width: 1007px) 100vw, 1007px\" \/>\t\t\t\t\t\t\t\t\t\t\t\t\t\t\t<\/div>\n\t\t\t\t<\/div>\n\t\t\t\t\t<\/div>\n\t\t<\/div>\n\t\t\t\t\t<\/div>\n\t\t<\/section>\n\t\t\t\t<\/div>\n\t\t","protected":false},"excerpt":{"rendered":"<p>Pour nous contacter, utilisez l&rsquo;un des contacts ci-dessous ou, si vous pr\u00e9f\u00e9rez, remplissez le formulaire \u00e0 c\u00f4t\u00e9 Si\u00e8ge social et op\u00e9rationnel Largo dei Vegerio 6\/6 B | 17100 SavonaT +39019 2054914 \/ P +39340 5889471Adresse e-mail info@studiowiki.itAdresse e-mail certifi\u00e9e (PEC) PEC\u00a0studiowiki@pec.it<\/p>\n","protected":false},"author":1,"featured_media":0,"parent":0,"menu_order":0,"comment_status":"closed","ping_status":"closed","template":"page-full-width.php","meta":{"footnotes":""},"class_list":["post-125255","page","type-page","status-publish","hentry"],"yoast_head":"<!-- This site is optimized with the Yoast SEO plugin v26.0 - https:\/\/yoast.com\/wordpress\/plugins\/seo\/ -->\n<title>Nos contacts - Studiowiki - Brand &amp; Land<\/title>\n<meta name=\"description\" content=\"Contactez-nous. Nous sommes sp\u00e9cialis\u00e9s dans la cr\u00e9ation de strat\u00e9gies de marques territoriales et identit\u00e9s touristiques. Notre m\u00e9thode au service de vos int\u00e9r\u00eats\" \/>\n<meta name=\"robots\" content=\"index, follow, max-snippet:-1, max-image-preview:large, max-video-preview:-1\" \/>\n<link rel=\"canonical\" href=\"https:\/\/studiowiki.it\/fr\/contacts\/\" \/>\n<meta property=\"og:locale\" content=\"fr_FR\" \/>\n<meta property=\"og:type\" content=\"article\" \/>\n<meta property=\"og:title\" content=\"Nos contacts - Studiowiki - Brand &amp; Land\" \/>\n<meta property=\"og:description\" content=\"Contactez-nous. Nous sommes sp\u00e9cialis\u00e9s dans la cr\u00e9ation de strat\u00e9gies de marques territoriales et identit\u00e9s touristiques. Notre m\u00e9thode au service de vos int\u00e9r\u00eats\" \/>\n<meta property=\"og:url\" content=\"https:\/\/studiowiki.it\/fr\/contacts\/\" \/>\n<meta property=\"og:site_name\" content=\"Studiowiki - Brand &amp; Land\" \/>\n<meta property=\"article:publisher\" content=\"https:\/\/www.facebook.com\/studiowiki\" \/>\n<meta property=\"article:modified_time\" content=\"2024-03-26T11:24:46+00:00\" \/>\n<meta property=\"og:image\" content=\"https:\/\/studiowiki.it\/wp-content\/uploads\/2022\/11\/contact-polpo.webp\" \/>\n<meta name=\"twitter:card\" content=\"summary_large_image\" \/>\n<meta name=\"twitter:site\" content=\"@studiowiki\" \/>\n<meta name=\"twitter:label1\" content=\"Dur\u00e9e de lecture estim\u00e9e\" \/>\n\t<meta name=\"twitter:data1\" content=\"1 minute\" \/>\n<script type=\"application\/ld+json\" class=\"yoast-schema-graph\">{\"@context\":\"https:\/\/schema.org\",\"@graph\":[{\"@type\":\"WebPage\",\"@id\":\"https:\/\/studiowiki.it\/fr\/contacts\/\",\"url\":\"https:\/\/studiowiki.it\/fr\/contacts\/\",\"name\":\"Nos contacts - Studiowiki - Brand &amp; Land\",\"isPartOf\":{\"@id\":\"https:\/\/studiowiki.it\/fr\/#website\"},\"primaryImageOfPage\":{\"@id\":\"https:\/\/studiowiki.it\/fr\/contacts\/#primaryimage\"},\"image\":{\"@id\":\"https:\/\/studiowiki.it\/fr\/contacts\/#primaryimage\"},\"thumbnailUrl\":\"https:\/\/studiowiki.it\/wp-content\/uploads\/2022\/11\/contact-polpo.webp\",\"datePublished\":\"2020-09-09T13:00:35+00:00\",\"dateModified\":\"2024-03-26T11:24:46+00:00\",\"description\":\"Contactez-nous. Nous sommes sp\u00e9cialis\u00e9s dans la cr\u00e9ation de strat\u00e9gies de marques territoriales et identit\u00e9s touristiques. Notre m\u00e9thode au service de vos int\u00e9r\u00eats\",\"breadcrumb\":{\"@id\":\"https:\/\/studiowiki.it\/fr\/contacts\/#breadcrumb\"},\"inLanguage\":\"fr-FR\",\"potentialAction\":[{\"@type\":\"ReadAction\",\"target\":[\"https:\/\/studiowiki.it\/fr\/contacts\/\"]}]},{\"@type\":\"ImageObject\",\"inLanguage\":\"fr-FR\",\"@id\":\"https:\/\/studiowiki.it\/fr\/contacts\/#primaryimage\",\"url\":\"https:\/\/studiowiki.it\/wp-content\/uploads\/2022\/11\/contact-polpo.webp\",\"contentUrl\":\"https:\/\/studiowiki.it\/wp-content\/uploads\/2022\/11\/contact-polpo.webp\"},{\"@type\":\"BreadcrumbList\",\"@id\":\"https:\/\/studiowiki.it\/fr\/contacts\/#breadcrumb\",\"itemListElement\":[{\"@type\":\"ListItem\",\"position\":1,\"name\":\"Home\",\"item\":\"https:\/\/studiowiki.it\/fr\/\"},{\"@type\":\"ListItem\",\"position\":2,\"name\":\"Nos contacts\"}]},{\"@type\":\"WebSite\",\"@id\":\"https:\/\/studiowiki.it\/fr\/#website\",\"url\":\"https:\/\/studiowiki.it\/fr\/\",\"name\":\"Studiowiki - Brand &amp; Land\",\"description\":\"brand strategy studio\",\"publisher\":{\"@id\":\"https:\/\/studiowiki.it\/fr\/#organization\"},\"potentialAction\":[{\"@type\":\"SearchAction\",\"target\":{\"@type\":\"EntryPoint\",\"urlTemplate\":\"https:\/\/studiowiki.it\/fr\/?s={search_term_string}\"},\"query-input\":{\"@type\":\"PropertyValueSpecification\",\"valueRequired\":true,\"valueName\":\"search_term_string\"}}],\"inLanguage\":\"fr-FR\"},{\"@type\":\"Organization\",\"@id\":\"https:\/\/studiowiki.it\/fr\/#organization\",\"name\":\"Studiowiki\",\"alternateName\":\"SW\",\"url\":\"https:\/\/studiowiki.it\/fr\/\",\"logo\":{\"@type\":\"ImageObject\",\"inLanguage\":\"fr-FR\",\"@id\":\"https:\/\/studiowiki.it\/fr\/#\/schema\/logo\/image\/\",\"url\":\"https:\/\/studiowiki.it\/wp-content\/uploads\/2022\/01\/cropped-SW-square-200x200-giallo_Tavola-disegno-1.jpg\",\"contentUrl\":\"https:\/\/studiowiki.it\/wp-content\/uploads\/2022\/01\/cropped-SW-square-200x200-giallo_Tavola-disegno-1.jpg\",\"width\":512,\"height\":512,\"caption\":\"Studiowiki\"},\"image\":{\"@id\":\"https:\/\/studiowiki.it\/fr\/#\/schema\/logo\/image\/\"},\"sameAs\":[\"https:\/\/www.facebook.com\/studiowiki\",\"https:\/\/x.com\/studiowiki\",\"https:\/\/www.youtube.com\/@StudiowikiIt\",\"https:\/\/www.instagram.com\/studiowiki\/\"]}]}<\/script>\n<!-- \/ Yoast SEO plugin. -->","yoast_head_json":{"title":"Nos contacts - Studiowiki - Brand &amp; Land","description":"Contactez-nous. Nous sommes sp\u00e9cialis\u00e9s dans la cr\u00e9ation de strat\u00e9gies de marques territoriales et identit\u00e9s touristiques. Notre m\u00e9thode au service de vos int\u00e9r\u00eats","robots":{"index":"index","follow":"follow","max-snippet":"max-snippet:-1","max-image-preview":"max-image-preview:large","max-video-preview":"max-video-preview:-1"},"canonical":"https:\/\/studiowiki.it\/fr\/contacts\/","og_locale":"fr_FR","og_type":"article","og_title":"Nos contacts - Studiowiki - Brand &amp; Land","og_description":"Contactez-nous. Nous sommes sp\u00e9cialis\u00e9s dans la cr\u00e9ation de strat\u00e9gies de marques territoriales et identit\u00e9s touristiques. Notre m\u00e9thode au service de vos int\u00e9r\u00eats","og_url":"https:\/\/studiowiki.it\/fr\/contacts\/","og_site_name":"Studiowiki - Brand &amp; Land","article_publisher":"https:\/\/www.facebook.com\/studiowiki","article_modified_time":"2024-03-26T11:24:46+00:00","og_image":[{"url":"https:\/\/studiowiki.it\/wp-content\/uploads\/2022\/11\/contact-polpo.webp","type":"","width":"","height":""}],"twitter_card":"summary_large_image","twitter_site":"@studiowiki","twitter_misc":{"Dur\u00e9e de lecture estim\u00e9e":"1 minute"},"schema":{"@context":"https:\/\/schema.org","@graph":[{"@type":"WebPage","@id":"https:\/\/studiowiki.it\/fr\/contacts\/","url":"https:\/\/studiowiki.it\/fr\/contacts\/","name":"Nos contacts - Studiowiki - Brand &amp; Land","isPartOf":{"@id":"https:\/\/studiowiki.it\/fr\/#website"},"primaryImageOfPage":{"@id":"https:\/\/studiowiki.it\/fr\/contacts\/#primaryimage"},"image":{"@id":"https:\/\/studiowiki.it\/fr\/contacts\/#primaryimage"},"thumbnailUrl":"https:\/\/studiowiki.it\/wp-content\/uploads\/2022\/11\/contact-polpo.webp","datePublished":"2020-09-09T13:00:35+00:00","dateModified":"2024-03-26T11:24:46+00:00","description":"Contactez-nous. Nous sommes sp\u00e9cialis\u00e9s dans la cr\u00e9ation de strat\u00e9gies de marques territoriales et identit\u00e9s touristiques. Notre m\u00e9thode au service de vos int\u00e9r\u00eats","breadcrumb":{"@id":"https:\/\/studiowiki.it\/fr\/contacts\/#breadcrumb"},"inLanguage":"fr-FR","potentialAction":[{"@type":"ReadAction","target":["https:\/\/studiowiki.it\/fr\/contacts\/"]}]},{"@type":"ImageObject","inLanguage":"fr-FR","@id":"https:\/\/studiowiki.it\/fr\/contacts\/#primaryimage","url":"https:\/\/studiowiki.it\/wp-content\/uploads\/2022\/11\/contact-polpo.webp","contentUrl":"https:\/\/studiowiki.it\/wp-content\/uploads\/2022\/11\/contact-polpo.webp"},{"@type":"BreadcrumbList","@id":"https:\/\/studiowiki.it\/fr\/contacts\/#breadcrumb","itemListElement":[{"@type":"ListItem","position":1,"name":"Home","item":"https:\/\/studiowiki.it\/fr\/"},{"@type":"ListItem","position":2,"name":"Nos contacts"}]},{"@type":"WebSite","@id":"https:\/\/studiowiki.it\/fr\/#website","url":"https:\/\/studiowiki.it\/fr\/","name":"Studiowiki - Brand &amp; Land","description":"brand strategy studio","publisher":{"@id":"https:\/\/studiowiki.it\/fr\/#organization"},"potentialAction":[{"@type":"SearchAction","target":{"@type":"EntryPoint","urlTemplate":"https:\/\/studiowiki.it\/fr\/?s={search_term_string}"},"query-input":{"@type":"PropertyValueSpecification","valueRequired":true,"valueName":"search_term_string"}}],"inLanguage":"fr-FR"},{"@type":"Organization","@id":"https:\/\/studiowiki.it\/fr\/#organization","name":"Studiowiki","alternateName":"SW","url":"https:\/\/studiowiki.it\/fr\/","logo":{"@type":"ImageObject","inLanguage":"fr-FR","@id":"https:\/\/studiowiki.it\/fr\/#\/schema\/logo\/image\/","url":"https:\/\/studiowiki.it\/wp-content\/uploads\/2022\/01\/cropped-SW-square-200x200-giallo_Tavola-disegno-1.jpg","contentUrl":"https:\/\/studiowiki.it\/wp-content\/uploads\/2022\/01\/cropped-SW-square-200x200-giallo_Tavola-disegno-1.jpg","width":512,"height":512,"caption":"Studiowiki"},"image":{"@id":"https:\/\/studiowiki.it\/fr\/#\/schema\/logo\/image\/"},"sameAs":["https:\/\/www.facebook.com\/studiowiki","https:\/\/x.com\/studiowiki","https:\/\/www.youtube.com\/@StudiowikiIt","https:\/\/www.instagram.com\/studiowiki\/"]}]}},"_links":{"self":[{"href":"https:\/\/studiowiki.it\/fr\/wp-json\/wp\/v2\/pages\/125255","targetHints":{"allow":["GET"]}}],"collection":[{"href":"https:\/\/studiowiki.it\/fr\/wp-json\/wp\/v2\/pages"}],"about":[{"href":"https:\/\/studiowiki.it\/fr\/wp-json\/wp\/v2\/types\/page"}],"author":[{"embeddable":true,"href":"https:\/\/studiowiki.it\/fr\/wp-json\/wp\/v2\/users\/1"}],"replies":[{"embeddable":true,"href":"https:\/\/studiowiki.it\/fr\/wp-json\/wp\/v2\/comments?post=125255"}],"version-history":[{"count":8,"href":"https:\/\/studiowiki.it\/fr\/wp-json\/wp\/v2\/pages\/125255\/revisions"}],"predecessor-version":[{"id":125802,"href":"https:\/\/studiowiki.it\/fr\/wp-json\/wp\/v2\/pages\/125255\/revisions\/125802"}],"wp:attachment":[{"href":"https:\/\/studiowiki.it\/fr\/wp-json\/wp\/v2\/media?parent=125255"}],"curies":[{"name":"wp","href":"https:\/\/api.w.org\/{rel}","templated":true}]}}